{"id":1369,"date":"2024-01-10T09:40:09","date_gmt":"2024-01-10T08:40:09","guid":{"rendered":"https:\/\/n.zegluga.edu.pl\/?page_id=1369"},"modified":"2024-01-11T13:14:56","modified_gmt":"2024-01-11T12:14:56","slug":"staze-uczniowskie-projekt-opolskie-szkolnictwo-zawodowe","status":"publish","type":"page","link":"https:\/\/n.zegluga.edu.pl\/?page_id=1369","title":{"rendered":"STA\u017bE UCZNIOWSKIE &#8211; PROJEKT OPOLSKIE SZKOLNICTWO ZAWODOWE"},"content":{"rendered":"\n<figure class=\"wp-block-table\"><table><tbody><tr><td>regulamin rekrutacji na sta\u017ce uczniowskie<\/td><td><a href=\"\/pdf\/staze\/REGULAMIN_REKRUTACJI_STAZE.pdf\"><img decoding=\"async\" src=\"http:\/\/n.zegluga.edu.pl\/wp-content\/uploads\/2020\/10\/pdf-2.jpg\" alt=\"pdf\"><\/a><\/td><\/tr><tr><td>wniosek wychowawcy<\/td><td><a href=\"\/pdf\/staze\/wniosek_wychowawcy.pdf\"><img decoding=\"async\" src=\"http:\/\/n.zegluga.edu.pl\/wp-content\/uploads\/2020\/10\/pdf-2.jpg\" alt=\"pdf\"><\/a><\/td><\/tr><tr><td>Za\u0142\u0105cznik nr 1 <\/td><td><a href=\"\/pdf\/staze\/Zalacznik_1.pdf\"><img decoding=\"async\" src=\"http:\/\/n.zegluga.edu.pl\/wp-content\/uploads\/2020\/10\/pdf-2.jpg\" alt=\"pdf\"><\/a><\/td><\/tr><\/tbody><\/table><\/figure>\n\n\n\n<p><\/p>\n","protected":false},"excerpt":{"rendered":"<p>regulamin rekrutacji na sta\u017ce uczniowskie wniosek wychowawcy Za\u0142\u0105cznik nr 1<\/p>\n","protected":false},"author":1,"featured_media":0,"parent":0,"menu_order":0,"comment_status":"closed","ping_status":"closed","template":"","meta":{"footnotes":""},"class_list":["post-1369","page","type-page","status-publish","hentry"],"_links":{"self":[{"href":"https:\/\/n.zegluga.edu.pl\/index.php?rest_route=\/wp\/v2\/pages\/1369","targetHints":{"allow":["GET"]}}],"collection":[{"href":"https:\/\/n.zegluga.edu.pl\/index.php?rest_route=\/wp\/v2\/pages"}],"about":[{"href":"https:\/\/n.zegluga.edu.pl\/index.php?rest_route=\/wp\/v2\/types\/page"}],"author":[{"embeddable":true,"href":"https:\/\/n.zegluga.edu.pl\/index.php?rest_route=\/wp\/v2\/users\/1"}],"replies":[{"embeddable":true,"href":"https:\/\/n.zegluga.edu.pl\/index.php?rest_route=%2Fwp%2Fv2%2Fcomments&post=1369"}],"version-history":[{"count":2,"href":"https:\/\/n.zegluga.edu.pl\/index.php?rest_route=\/wp\/v2\/pages\/1369\/revisions"}],"predecessor-version":[{"id":1372,"href":"https:\/\/n.zegluga.edu.pl\/index.php?rest_route=\/wp\/v2\/pages\/1369\/revisions\/1372"}],"wp:attachment":[{"href":"https:\/\/n.zegluga.edu.pl\/index.php?rest_route=%2Fwp%2Fv2%2Fmedia&parent=1369"}],"curies":[{"name":"wp","href":"https:\/\/api.w.org\/{rel}","templated":true}]}}