{"id":68,"date":"2020-10-19T21:59:29","date_gmt":"2020-10-19T19:59:29","guid":{"rendered":"http:\/\/n.zegluga.edu.pl\/?page_id=68"},"modified":"2023-10-04T12:05:56","modified_gmt":"2023-10-04T10:05:56","slug":"internat-szkolny","status":"publish","type":"page","link":"https:\/\/n.zegluga.edu.pl\/?page_id=68","title":{"rendered":"INTERNAT SZKOLNY"},"content":{"rendered":"\n<p><a href=\"\/pdf\/internat\/regulamin_internatu.pdf\">Regulamin Internatu ZS\u017b\u015a<\/a><\/p>\n\n\n\n<p><a href=\"\/pdf\/internat\/wniosek przyjecia do internatu.pdf\">Wniosek przyj\u0119cia do Internatu ZS\u017b\u015a<\/a><\/p>\n\n\n\n<figure class=\"wp-block-image\"><a href=\"https:\/\/photos.app.goo.gl\/hT3RdZ7Nw1QVcKxi7\"><img decoding=\"async\" src=\"https:\/\/lh3.googleusercontent.com\/qBmLFEKg9yxMF68CSZXbe5SeEpX1oVI8u6txIu62LNtFGGDHFoYQ0WKrL1PLElnQyAFw_-tp9BlhVLvQ_p3Hy08oA6dD7NHBVEoAN4pHUk-46ycvuqIUmz1edUdd60qN6HYMFoIlBL1R7gtRQGGicNXFWHuTyAcuXvvbXyBLpLtAWH_XevAox_ljA86urd0Ab_Y5CyLhGYFWtiZGa7nMdolOmdWZTpEYCqbkAbeJyIvd0hW0TzS65daj7QwgkZo4cUYuBXTV3RQrbXXdkSb_5WpJSGxDkJ4CqBZNXwMYH7Na4A0VzyXfWz20yWRq9FdhDnoIbHGDZEXRJtF91LHDUFTTozCfpT4CASIX6jacZwigdk8_FA6aLzL0eBBjb7ncuj8du7t6pUV50BLHO_7Z8M8iMCGn3VcYh9pm4qb9r0XcF3pLRqKWCjh3l0U33-pHEsc9Qyi_--c3A1iddCU2NIFybC4Uwhayvpoywu-YGrpJoyYHldVCp0G7TIWfPMhuWZuhGP_L9416fG4q8PWnu8Z7x287ZKk_VtnXyR4bTxWGLy1MHHrfZvydbGgM1RrRJxBV5Nju3yuZ5Mpaategl3gqQFH2CYK9I9407v7gu53XPKoobAW7UDTcS-Zw8ZdEI14LQc40XY4GtK8-LNRQHh5_IiCLQT83tkdkej4Bq8ooqtgGUvb-UIePfWh0L__JH2IApeLt0eqX81OkYYZ-VPs-wCy7N2_qDzfezUVZG9E97gTZ=w938-h625-no\" alt=\"\"\/><\/a><\/figure>\n\n\n\n<p>W Naszej szkole funkcjonuje&nbsp;nowoczesny darmowy internat. Uczniowie s\u0105 zakwaterowani w 2 osobowych pokojach z \u0142azienkami. A do ich dyspozycji&nbsp; oddane s\u0105&nbsp; nowoczesne kuchnie, sala relaksacyjna. Internat jest trzypi\u0119trowy dostosowany dla os\u00f3b niepe\u0142nosprawynych tj. wyposa\u017cony w wind\u0119.<\/p>\n\n\n\n<p>Funkcj\u0119 kierownika internatu pe\u0142ni Pani El\u017cbieta \u017barska.<\/p>\n\n\n\n<p>W sprawach zwi\u0105zanych z funkcjonowaniem internatu i wychowankami prosz\u0119 dzowni\u0107:<\/p>\n\n\n\n<p>kierownik internatu tel.: <strong>502 111 895<\/strong><br>wychowawcy internatu tel.: <strong>502 109 935<\/strong><\/p>\n\n\n\n<figure class=\"wp-block-gallery has-nested-images columns-default is-cropped wp-block-gallery-1 is-layout-flex wp-block-gallery-is-layout-flex\">\n<figure class=\"wp-block-image size-large\"><img fetchpriority=\"high\" decoding=\"async\" width=\"644\" height=\"966\" data-id=\"69\" src=\"https:\/\/n.zegluga.edu.pl\/wp-content\/uploads\/2020\/10\/INTERNAT1.jpg\" alt=\"\" class=\"wp-image-69\" srcset=\"https:\/\/n.zegluga.edu.pl\/wp-content\/uploads\/2020\/10\/INTERNAT1.jpg 644w, https:\/\/n.zegluga.edu.pl\/wp-content\/uploads\/2020\/10\/INTERNAT1-200x300.jpg 200w\" sizes=\"(max-width: 644px) 100vw, 644px\" \/><\/figure>\n\n\n\n<figure class=\"wp-block-image size-large\"><img decoding=\"async\" width=\"644\" height=\"966\" data-id=\"70\" src=\"https:\/\/n.zegluga.edu.pl\/wp-content\/uploads\/2020\/10\/INTERNAT2.jpg\" alt=\"\" class=\"wp-image-70\" srcset=\"https:\/\/n.zegluga.edu.pl\/wp-content\/uploads\/2020\/10\/INTERNAT2.jpg 644w, https:\/\/n.zegluga.edu.pl\/wp-content\/uploads\/2020\/10\/INTERNAT2-200x300.jpg 200w\" sizes=\"(max-width: 644px) 100vw, 644px\" \/><\/figure>\n\n\n\n<figure class=\"wp-block-image size-large\"><img decoding=\"async\" width=\"937\" height=\"625\" data-id=\"71\" src=\"https:\/\/n.zegluga.edu.pl\/wp-content\/uploads\/2020\/10\/INTERNAT3.jpg\" alt=\"\" class=\"wp-image-71\" srcset=\"https:\/\/n.zegluga.edu.pl\/wp-content\/uploads\/2020\/10\/INTERNAT3.jpg 937w, https:\/\/n.zegluga.edu.pl\/wp-content\/uploads\/2020\/10\/INTERNAT3-300x200.jpg 300w, https:\/\/n.zegluga.edu.pl\/wp-content\/uploads\/2020\/10\/INTERNAT3-768x512.jpg 768w\" sizes=\"(max-width: 706px) 89vw, (max-width: 767px) 82vw, 740px\" \/><\/figure>\n<\/figure>\n","protected":false},"excerpt":{"rendered":"<p>Regulamin Internatu ZS\u017b\u015a Wniosek przyj\u0119cia do Internatu ZS\u017b\u015a W Naszej szkole funkcjonuje&nbsp;nowoczesny darmowy internat. Uczniowie s\u0105 zakwaterowani w 2 osobowych pokojach z \u0142azienkami. A do ich dyspozycji&nbsp; oddane s\u0105&nbsp; nowoczesne kuchnie, sala relaksacyjna. Internat jest trzypi\u0119trowy dostosowany dla os\u00f3b niepe\u0142nosprawynych tj. wyposa\u017cony w wind\u0119. Funkcj\u0119 kierownika internatu pe\u0142ni Pani El\u017cbieta \u017barska. W sprawach zwi\u0105zanych z &hellip; <\/p>\n<p class=\"link-more\"><a href=\"https:\/\/n.zegluga.edu.pl\/?page_id=68\" class=\"more-link\">Czytaj dalej<span class=\"screen-reader-text\"> \u201eINTERNAT SZKOLNY\u201d<\/span><\/a><\/p>\n","protected":false},"author":1,"featured_media":0,"parent":0,"menu_order":0,"comment_status":"closed","ping_status":"closed","template":"","meta":{"footnotes":""},"class_list":["post-68","page","type-page","status-publish","hentry"],"_links":{"self":[{"href":"https:\/\/n.zegluga.edu.pl\/index.php?rest_route=\/wp\/v2\/pages\/68","targetHints":{"allow":["GET"]}}],"collection":[{"href":"https:\/\/n.zegluga.edu.pl\/index.php?rest_route=\/wp\/v2\/pages"}],"about":[{"href":"https:\/\/n.zegluga.edu.pl\/index.php?rest_route=\/wp\/v2\/types\/page"}],"author":[{"embeddable":true,"href":"https:\/\/n.zegluga.edu.pl\/index.php?rest_route=\/wp\/v2\/users\/1"}],"replies":[{"embeddable":true,"href":"https:\/\/n.zegluga.edu.pl\/index.php?rest_route=%2Fwp%2Fv2%2Fcomments&post=68"}],"version-history":[{"count":10,"href":"https:\/\/n.zegluga.edu.pl\/index.php?rest_route=\/wp\/v2\/pages\/68\/revisions"}],"predecessor-version":[{"id":1251,"href":"https:\/\/n.zegluga.edu.pl\/index.php?rest_route=\/wp\/v2\/pages\/68\/revisions\/1251"}],"wp:attachment":[{"href":"https:\/\/n.zegluga.edu.pl\/index.php?rest_route=%2Fwp%2Fv2%2Fmedia&parent=68"}],"curies":[{"name":"wp","href":"https:\/\/api.w.org\/{rel}","templated":true}]}}